{"id":13,"date":"2024-12-31T12:15:04","date_gmt":"2024-12-31T12:15:04","guid":{"rendered":"https:\/\/luks-aviation.com\/tr\/?page_id=13"},"modified":"2025-01-19T15:05:09","modified_gmt":"2025-01-19T15:05:09","slug":"aircraft-management","status":"publish","type":"page","link":"https:\/\/luks-aviation.com\/tr\/aircraft-management\/","title":{"rendered":"Aircraft Management"},"content":{"rendered":"\t\t<div data-elementor-type=\"wp-post\" data-elementor-id=\"13\" class=\"elementor elementor-13\">\n\t\t\t\t<div class=\"elementor-element elementor-element-d248899 e-flex e-con-boxed e-con e-parent\" data-id=\"d248899\" data-element_type=\"container\">\n\t\t\t\t\t<div class=\"e-con-inner\">\n\t\t<div class=\"elementor-element elementor-element-f44af5e e-con-full e-flex e-con e-child\" data-id=\"f44af5e\" data-element_type=\"container\">\n\t\t\t\t<div class=\"elementor-element elementor-element-2bc8e0b elementor-widget elementor-widget-text-editor\" data-id=\"2bc8e0b\" data-element_type=\"widget\" data-widget_type=\"text-editor.default\">\n\t\t\t\t<div class=\"elementor-widget-container\">\n\t\t\t\t\t\t\t\t\t<p><strong>U\u00e7ak Y\u00f6netim Hizmetleri<\/strong><\/p><p>Luks Aviation&#8217;da, \u00f6zel jet sahiplerinin benzersiz ihtiya\u00e7lar\u0131n\u0131 kar\u015f\u0131lamak \u00fczere tasarlanm\u0131\u015f kapsaml\u0131 U\u00e7ak Y\u00f6netim Hizmetleri sunuyoruz. U\u00e7a\u011f\u0131n\u0131z\u0131n performans\u0131n\u0131 optimize etmek, sahip olma karma\u015f\u0131kl\u0131klar\u0131n\u0131 azaltmak veya varl\u0131\u011f\u0131n\u0131zdan gelir elde etmek istiyorsan\u0131z, hizmetlerimiz g\u00f6n\u00fcl rahatl\u0131\u011f\u0131 sa\u011flamak ve de\u011feri en \u00fcst d\u00fczeye \u00e7\u0131karmak i\u00e7in tasarlanm\u0131\u015ft\u0131r.<\/p><p><b>U\u00e7ak Y\u00f6netimi i\u00e7in Neden Luks Aviation&#8217;\u0131 Se\u00e7melisiniz?<\/b><\/p><p>Bir u\u00e7a\u011f\u0131 y\u00f6netmek uzmanl\u0131k, hassasiyet ve havac\u0131l\u0131k operasyonlar\u0131 ve y\u00f6netmelikleri hakk\u0131nda derin bir anlay\u0131\u015f gerektirir. \u015eirketimizde, stres olmadan sahip olman\u0131n avantajlar\u0131ndan yararlanabilmeniz i\u00e7in her ayr\u0131nt\u0131yla ilgileniyoruz.<\/p>\t\t\t\t\t\t\t\t<\/div>\n\t\t\t\t<\/div>\n\t\t\t\t<\/div>\n\t\t<div class=\"elementor-element elementor-element-ebed839 e-con-full e-flex e-con e-child\" data-id=\"ebed839\" data-element_type=\"container\">\n\t\t\t\t<div class=\"elementor-element elementor-element-97ecfa1 elementor-widget elementor-widget-image\" data-id=\"97ecfa1\" data-element_type=\"widget\" data-widget_type=\"image.default\">\n\t\t\t\t<div class=\"elementor-widget-container\">\n\t\t\t\t\t\t\t\t\t\t\t\t\t\t\t<img fetchpriority=\"high\" decoding=\"async\" width=\"600\" height=\"400\" src=\"https:\/\/luks-aviation.com\/tr\/wp-content\/uploads\/2024\/12\/LP-Aircraft-Management-Services-600x400-1-e1736170694627.jpg\" class=\"attachment-large size-large wp-image-5238\" alt=\"\" srcset=\"https:\/\/luks-aviation.com\/tr\/wp-content\/uploads\/2024\/12\/LP-Aircraft-Management-Services-600x400-1-e1736170694627.jpg 600w, https:\/\/luks-aviation.com\/tr\/wp-content\/uploads\/2024\/12\/LP-Aircraft-Management-Services-600x400-1-e1736170694627-300x200.jpg 300w\" sizes=\"(max-width: 600px) 100vw, 600px\" \/>\t\t\t\t\t\t\t\t\t\t\t\t\t\t\t<\/div>\n\t\t\t\t<\/div>\n\t\t\t\t<\/div>\n\t\t\t\t\t<\/div>\n\t\t\t\t<\/div>\n\t\t<div class=\"elementor-element elementor-element-66aa6dd e-flex e-con-boxed e-con e-parent\" data-id=\"66aa6dd\" data-element_type=\"container\" data-settings=\"{&quot;background_background&quot;:&quot;classic&quot;}\">\n\t\t\t\t\t<div class=\"e-con-inner\">\n\t\t\t\t<div class=\"elementor-element elementor-element-fc3d9ed elementor-widget elementor-widget-text-editor\" data-id=\"fc3d9ed\" data-element_type=\"widget\" data-widget_type=\"text-editor.default\">\n\t\t\t\t<div class=\"elementor-widget-container\">\n\t\t\t\t\t\t\t\t\t<h3 style=\"text-align: center;\">U\u00e7ak Y\u00f6netim Hizmetlerimizin Temel \u00d6zellikleri<\/h3><h4><strong>1. Operasyonel Y\u00f6netim<\/strong><\/h4><p>Deneyimli ekibimiz, u\u00e7a\u011f\u0131n\u0131z\u0131n g\u00fcnl\u00fck operasyonlar\u0131n\u0131 ele alarak sorunsuz ve verimli bir performans sa\u011flar.<\/p><ul><li>U\u00e7u\u015f planlama ve programlama.<\/li><li>Havaalan\u0131 yuvas\u0131 ve ini\u015f\/kalk\u0131\u015f izni.<\/li><li>Rota optimizasyonu ve yak\u0131t y\u00f6netimi.<\/li><li>Konsiyerj ve yer hizmetleri koordinasyonu.<\/li><\/ul><h4><strong>2. Mevzuata Uygunluk<\/strong><\/h4><p>U\u00e7a\u011f\u0131n\u0131z\u0131n t\u00fcm yerel, b\u00f6lgesel ve uluslararas\u0131 havac\u0131l\u0131k y\u00f6netmeliklerine uymas\u0131n\u0131 sa\u011fl\u0131yoruz.<\/p><ul><li>Kay\u0131t ve dok\u00fcmantasyon y\u00f6netimi.<\/li><li>G\u00fcvenlik ve operasyonel standartlara (EASA, FAA, ICAO) uyum.<\/li><li>U\u00e7u\u015fa elveri\u015flilik direktiflerine ve bak\u0131m b\u00fcltenlerine uyum.<\/li><\/ul><h4><strong>3. Bak\u0131m Denetimi<\/strong><\/h4><p>U\u00e7a\u011f\u0131n g\u00fcvenli\u011fi ve g\u00fcvenilirli\u011fi en \u00f6nemli unsurdur. U\u00e7a\u011f\u0131n\u0131z\u0131n her zaman u\u00e7u\u015fa haz\u0131r olmas\u0131n\u0131 sa\u011flayarak t\u00fcm bak\u0131m faaliyetlerini denetleriz.<\/p><ul><li>Planl\u0131 ve plans\u0131z bak\u0131m koordinasyonu.<\/li><li>7\/24 teknik destek.<\/li><li>Onar\u0131m istasyonlar\u0131 i\u00e7in tedarik\u00e7i se\u00e7imi ve y\u00f6netimi.<\/li><li>D\u00fczenleyici ve yeniden sat\u0131\u015f ama\u00e7lar\u0131 i\u00e7in ayr\u0131nt\u0131l\u0131 bak\u0131m kay\u0131tlar\u0131.<\/li><\/ul><h4><strong>4. M\u00fcrettebat Y\u00f6netimi<\/strong><\/h4><p>D\u00fcnya standartlar\u0131nda bir u\u00e7u\u015f deneyimi sa\u011flamak i\u00e7in profesyonel pilotlar\u0131 ve kabin ekibini i\u015fe al\u0131yor, e\u011fitiyor ve y\u00f6netiyoruz.<\/p><ul><li>M\u00fcrettebat i\u015fe al\u0131m\u0131 ve bordro y\u00f6netimi.<\/li><li>En y\u00fcksek g\u00fcvenlik ve hizmet standartlar\u0131n\u0131 kar\u015f\u0131lamak i\u00e7in s\u00fcrekli e\u011fitim.<\/li><li>Dinlenme ve g\u00f6rev y\u00f6netmeliklerine uyumu sa\u011flamak i\u00e7in planlama.<\/li><\/ul><h4><strong>5. Finansal \u015eeffafl\u0131k<\/strong><\/h4><p>Bilin\u00e7li kararlar alman\u0131za yard\u0131mc\u0131 olmak i\u00e7in ayr\u0131nt\u0131l\u0131 raporlama ve maliyet y\u00f6netimi sa\u011fl\u0131yoruz.<\/p><ul><li>B\u00fct\u00e7e haz\u0131rlama ve gider takibi.<\/li><li>Tercih edilen tedarik\u00e7i a\u011flar\u0131 arac\u0131l\u0131\u011f\u0131yla yak\u0131t maliyeti optimizasyonu.<\/li><li>Kapsaml\u0131 teminat i\u00e7in sigorta m\u00fczakeresi.<\/li><li>Ayl\u0131k beyanlarla \u015feffaf muhasebe.<\/li><\/ul><h4><strong>6. Charter Gelir Programlar\u0131<\/strong><\/h4><p>U\u00e7a\u011f\u0131n\u0131z kullan\u0131lmad\u0131\u011f\u0131nda, charter olarak sunarak gelir elde edebiliriz.<\/p><ul><li>U\u00e7a\u011f\u0131n\u0131z\u0131 y\u00fcksek net de\u011ferli m\u00fc\u015fterilerimiz ve brokerlerimizden olu\u015fan a\u011f\u0131m\u0131za pazarlamak.<\/li><li>Program\u0131n\u0131za \u00f6ncelik verirken charter kullan\u0131m\u0131n\u0131 en \u00fcst d\u00fczeye \u00e7\u0131karmak.<\/li><li>Tcharter operasyonlar\u0131n\u0131n t\u00fcm yasal ve d\u00fczenleyici gerekliliklere uymas\u0131n\u0131 sa\u011flamak.<\/li><\/ul><h4><strong>7. Ki\u015fiselle\u015ftirilmi\u015f Hizmet<\/strong><\/h4><p>Y\u00f6netim yakla\u015f\u0131m\u0131m\u0131z\u0131 sizin \u00f6zel tercihlerinize g\u00f6re uyarlayarak sorunsuz, stressiz bir sahip olma deneyimi sunuyoruz.<\/p><ul><li>Sahipler ve yolcular i\u00e7in ki\u015fiselle\u015ftirilmi\u015f konsiyerj hizmetleri.<\/li><li>Sorulara veya acil gereksinimlere an\u0131nda yan\u0131tlar.<\/li><li>Tercihlerinize uyacak \u015fekilde \u00f6zelle\u015ftirilebilir raporlama.<\/li><\/ul>\t\t\t\t\t\t\t\t<\/div>\n\t\t\t\t<\/div>\n\t\t\t\t\t<\/div>\n\t\t\t\t<\/div>\n\t\t<div class=\"elementor-element elementor-element-8a79eb5 e-flex e-con-boxed e-con e-parent\" data-id=\"8a79eb5\" data-element_type=\"container\">\n\t\t\t\t\t<div class=\"e-con-inner\">\n\t\t<div class=\"elementor-element elementor-element-4cc3b5a e-con-full e-flex e-con e-child\" data-id=\"4cc3b5a\" data-element_type=\"container\">\n\t\t\t\t<div class=\"elementor-element elementor-element-33105a4 elementor-widget elementor-widget-text-editor\" data-id=\"33105a4\" data-element_type=\"widget\" data-widget_type=\"text-editor.default\">\n\t\t\t\t<div class=\"elementor-widget-container\">\n\t\t\t\t\t\t\t\t\t<h3>Luks Aviation ile Ortakl\u0131\u011f\u0131n Avantajlar\u0131<\/h3><ul><li><strong>Uzmanl\u0131k:<\/strong> \u00d6zel havac\u0131l\u0131k y\u00f6netiminde onlarca y\u0131ll\u0131k deneyim.<\/li><li><strong>K\u00fcresel Eri\u015fim:<\/strong> \u0130stanbul, Ba\u011fdat, San Marino ve \u00f6tesine uzanan bir a\u011f.<\/li><li><strong>7\/24 Destek:<\/strong> G\u00fcn\u00fcn her saati hizmet veren \u00f6zel bir ekip.<\/li><li><strong>Maliyet Verimlili\u011fi:<\/strong> Ortakl\u0131klar\u0131m\u0131zdan yararlanarak maliyet etkin \u00e7\u00f6z\u00fcmler sunuyoruz.<\/li><\/ul>\t\t\t\t\t\t\t\t<\/div>\n\t\t\t\t<\/div>\n\t\t\t\t<\/div>\n\t\t<div class=\"elementor-element elementor-element-7a495b7 e-con-full e-flex e-con e-child\" data-id=\"7a495b7\" data-element_type=\"container\">\n\t\t\t\t<div class=\"elementor-element elementor-element-e9df98b elementor-widget elementor-widget-image\" data-id=\"e9df98b\" data-element_type=\"widget\" data-widget_type=\"image.default\">\n\t\t\t\t<div class=\"elementor-widget-container\">\n\t\t\t\t\t\t\t\t\t\t\t\t\t\t\t<img decoding=\"async\" width=\"740\" height=\"338\" src=\"https:\/\/luks-aviation.com\/tr\/wp-content\/uploads\/2024\/12\/airline-cockpit2-e1735647747269.jpg\" class=\"attachment-large size-large wp-image-5239\" alt=\"\" srcset=\"https:\/\/luks-aviation.com\/tr\/wp-content\/uploads\/2024\/12\/airline-cockpit2-e1735647747269.jpg 800w, https:\/\/luks-aviation.com\/tr\/wp-content\/uploads\/2024\/12\/airline-cockpit2-e1735647747269-300x137.jpg 300w, https:\/\/luks-aviation.com\/tr\/wp-content\/uploads\/2024\/12\/airline-cockpit2-e1735647747269-768x350.jpg 768w, https:\/\/luks-aviation.com\/tr\/wp-content\/uploads\/2024\/12\/airline-cockpit2-e1735647747269-600x274.jpg 600w\" sizes=\"(max-width: 740px) 100vw, 740px\" \/>\t\t\t\t\t\t\t\t\t\t\t\t\t\t\t<\/div>\n\t\t\t\t<\/div>\n\t\t\t\t<\/div>\n\t\t\t\t\t<\/div>\n\t\t\t\t<\/div>\n\t\t\t\t<\/div>\n\t\t","protected":false},"excerpt":{"rendered":"<p>U\u00e7ak Y\u00f6netim Hizmetleri Luks Aviation&#8217;da, \u00f6zel jet sahiplerinin benzersiz ihtiya\u00e7lar\u0131n\u0131 kar\u015f\u0131lamak \u00fczere tasarlanm\u0131\u015f kapsaml\u0131 U\u00e7ak Y\u00f6netim Hizmetleri sunuyoruz. U\u00e7a\u011f\u0131n\u0131z\u0131n performans\u0131n\u0131 optimize etmek, sahip olma karma\u015f\u0131kl\u0131klar\u0131n\u0131 azaltmak veya varl\u0131\u011f\u0131n\u0131zdan gelir elde etmek istiyorsan\u0131z, hizmetlerimiz g\u00f6n\u00fcl rahatl\u0131\u011f\u0131 sa\u011flamak ve de\u011feri en \u00fcst d\u00fczeye \u00e7\u0131karmak i\u00e7in tasarlanm\u0131\u015ft\u0131r. U\u00e7ak Y\u00f6netimi i\u00e7in Neden Luks Aviation&#8217;\u0131 Se\u00e7melisiniz? Bir u\u00e7a\u011f\u0131 y\u00f6netmek uzmanl\u0131k,<\/p>\n","protected":false},"author":1,"featured_media":0,"parent":0,"menu_order":0,"comment_status":"closed","ping_status":"closed","template":"","meta":{"_blockly_fonts_attr":"","footnotes":""},"class_list":["post-13","page","type-page","status-publish","hentry"],"_links":{"self":[{"href":"https:\/\/luks-aviation.com\/tr\/wp-json\/wp\/v2\/pages\/13","targetHints":{"allow":["GET"]}}],"collection":[{"href":"https:\/\/luks-aviation.com\/tr\/wp-json\/wp\/v2\/pages"}],"about":[{"href":"https:\/\/luks-aviation.com\/tr\/wp-json\/wp\/v2\/types\/page"}],"author":[{"embeddable":true,"href":"https:\/\/luks-aviation.com\/tr\/wp-json\/wp\/v2\/users\/1"}],"replies":[{"embeddable":true,"href":"https:\/\/luks-aviation.com\/tr\/wp-json\/wp\/v2\/comments?post=13"}],"version-history":[{"count":17,"href":"https:\/\/luks-aviation.com\/tr\/wp-json\/wp\/v2\/pages\/13\/revisions"}],"predecessor-version":[{"id":5419,"href":"https:\/\/luks-aviation.com\/tr\/wp-json\/wp\/v2\/pages\/13\/revisions\/5419"}],"wp:attachment":[{"href":"https:\/\/luks-aviation.com\/tr\/wp-json\/wp\/v2\/media?parent=13"}],"curies":[{"name":"wp","href":"https:\/\/api.w.org\/{rel}","templated":true}]}}