{"id":5012,"date":"2021-11-17T03:42:22","date_gmt":"2021-11-17T03:42:22","guid":{"rendered":"https:\/\/themeim.com\/wp\/flynext\/?page_id=13"},"modified":"2026-04-03T01:42:29","modified_gmt":"2026-04-03T01:42:29","slug":"contacts","status":"publish","type":"page","link":"https:\/\/luks-aviation.com\/tr\/contacts\/","title":{"rendered":"Contact us"},"content":{"rendered":"\t\t<div data-elementor-type=\"wp-page\" data-elementor-id=\"5012\" class=\"elementor elementor-5012\">\n\t\t\t\t\t\t<div class=\"elementor-section elementor-top-section elementor-element elementor-element-d2346b7 elementor-section-stretched elementor-section-boxed elementor-section-height-default elementor-section-height-default\" data-id=\"d2346b7\" data-element_type=\"section\" data-settings=\"{&quot;stretch_section&quot;:&quot;section-stretched&quot;}\">\n\t\t\t\t\t\t<div class=\"elementor-container elementor-column-gap-default\">\n\t\t\t\t\t<div class=\"elementor-column elementor-col-100 elementor-top-column elementor-element elementor-element-440af23\" data-id=\"440af23\" data-element_type=\"column\">\n\t\t\t<div class=\"elementor-widget-wrap elementor-element-populated\">\n\t\t\t\t\t\t<div class=\"elementor-section elementor-inner-section elementor-element elementor-element-eba4c7b elementor-section-boxed elementor-section-height-default elementor-section-height-default\" data-id=\"eba4c7b\" data-element_type=\"section\">\n\t\t\t\t\t\t<div class=\"elementor-container elementor-column-gap-default\">\n\t\t\t\t\t<div class=\"elementor-column elementor-col-50 elementor-inner-column elementor-element elementor-element-de54cb3\" data-id=\"de54cb3\" data-element_type=\"column\">\n\t\t\t<div class=\"elementor-widget-wrap elementor-element-populated\">\n\t\t\t\t\t\t<div class=\"elementor-element elementor-element-3d63beb elementor-widget elementor-widget-google_maps\" data-id=\"3d63beb\" data-element_type=\"widget\" data-widget_type=\"google_maps.default\">\n\t\t\t\t<div class=\"elementor-widget-container\">\n\t\t\t\t\t\t\t<div class=\"elementor-custom-embed\">\n\t\t\t<iframe loading=\"lazy\"\n\t\t\t\t\tsrc=\"https:\/\/maps.google.com\/maps?q=istanbul%2Cmahmutbey%20mah.%20ta%C5%9Foca%C4%9F%C4%B1%20yolu%20cad.%20polat%20tower%20no1&#038;t=m&#038;z=12&#038;output=embed&#038;iwloc=near\"\n\t\t\t\t\ttitle=\"istanbul,mahmutbey mah. ta\u015foca\u011f\u0131 yolu cad. polat tower no1\"\n\t\t\t\t\taria-label=\"istanbul,mahmutbey mah. ta\u015foca\u011f\u0131 yolu cad. polat tower no1\"\n\t\t\t><\/iframe>\n\t\t<\/div>\n\t\t\t\t\t\t<\/div>\n\t\t\t\t<\/div>\n\t\t\t\t<div class=\"elementor-element elementor-element-4da3fe5 elementor-widget elementor-widget-google_maps\" data-id=\"4da3fe5\" data-element_type=\"widget\" data-widget_type=\"google_maps.default\">\n\t\t\t\t<div class=\"elementor-widget-container\">\n\t\t\t\t\t\t\t<div class=\"elementor-custom-embed\">\n\t\t\t<iframe loading=\"lazy\"\n\t\t\t\t\tsrc=\"https:\/\/maps.google.com\/maps?q=Baghdad%20international%20airport&#038;t=m&#038;z=10&#038;output=embed&#038;iwloc=near\"\n\t\t\t\t\ttitle=\"Baghdad international airport\"\n\t\t\t\t\taria-label=\"Baghdad international airport\"\n\t\t\t><\/iframe>\n\t\t<\/div>\n\t\t\t\t\t\t<\/div>\n\t\t\t\t<\/div>\n\t\t\t\t<div class=\"elementor-element elementor-element-ff322ba elementor-widget elementor-widget-google_maps\" data-id=\"ff322ba\" data-element_type=\"widget\" data-widget_type=\"google_maps.default\">\n\t\t\t\t<div class=\"elementor-widget-container\">\n\t\t\t\t\t\t\t<div class=\"elementor-custom-embed\">\n\t\t\t<iframe loading=\"lazy\"\n\t\t\t\t\tsrc=\"https:\/\/maps.google.com\/maps?q=Sanmarino&#038;t=m&#038;z=10&#038;output=embed&#038;iwloc=near\"\n\t\t\t\t\ttitle=\"Sanmarino\"\n\t\t\t\t\taria-label=\"Sanmarino\"\n\t\t\t><\/iframe>\n\t\t<\/div>\n\t\t\t\t\t\t<\/div>\n\t\t\t\t<\/div>\n\t\t\t\t\t<\/div>\n\t\t<\/div>\n\t\t\t\t<div class=\"elementor-column elementor-col-50 elementor-inner-column elementor-element elementor-element-ba36891\" data-id=\"ba36891\" data-element_type=\"column\">\n\t\t\t<div class=\"elementor-widget-wrap elementor-element-populated\">\n\t\t\t\t\t\t<div class=\"elementor-element elementor-element-acbb24b elementor-widget elementor-widget-flynext-theme-heading-title-one-widget\" data-id=\"acbb24b\" data-element_type=\"widget\" data-widget_type=\"flynext-theme-heading-title-one-widget.default\">\n\t\t\t\t<div class=\"elementor-widget-container\">\n\t\t\t\t\t        <div class=\"theme-heading-title\" style=\"text-align:left\">\r\n            <div class=\"subtitle \">\r\n                                Bize Ula\u015f\u0131n                            <\/div>\r\n            <h3 class=\"title\">\r\n                Bizimle Nas\u0131l \u0130leti\u015fime Ge\u00e7ebilirsiniz?            <\/h3>\r\n            <p>Telefon, mail yoluyla veya ofisimizi ziyaret ederek istedi\u011finiz zaman bize ula\u015fabilirsiniz.<\/p>        <\/div>\r\n        \t\t\t\t<\/div>\n\t\t\t\t<\/div>\n\t\t\t\t<div class=\"elementor-element elementor-element-4ea9b2b elementor-widget elementor-widget-flynext-contact-Info-List-one-widget\" data-id=\"4ea9b2b\" data-element_type=\"widget\" data-widget_type=\"flynext-contact-Info-List-one-widget.default\">\n\t\t\t\t<div class=\"elementor-widget-container\">\n\t\t\t\t\t        <div class=\"contact-info-list-wrapper\">\n            <div class=\"single-contact-item\">\n                <div class=\"icon\">\n                    <i aria-hidden=\"true\" class=\"flaticon flaticon-location-1\"><\/i>                <\/div>\n                <div class=\"content\">\n                    <h4 class=\"title\">Konumumuz<\/h4>\n                    <span class=\"details\">Mahmutbey Mah. ta\u015foca\u011f\u0131 yolu Cad. Polat Tower No:1 - 215 , Ba\u011fc\u0131lar. Istanbul<\/span><span class=\"details\"><\/span><span class=\"details\">Ba\u011fdat Uluslararas\u0131 Havaalan\u0131<\/span><span class=\"details\">San Marino<\/span>                <\/div>\n            <\/div>\n        <\/div>\n\n        \t\t\t\t<\/div>\n\t\t\t\t<\/div>\n\t\t<div class=\"elementor-element elementor-element-0e838f7 e-grid e-con-boxed e-con e-parent\" data-id=\"0e838f7\" data-element_type=\"container\">\n\t\t\t\t\t<div class=\"e-con-inner\">\n\t\t\t\t<div class=\"elementor-element elementor-element-5a2c01b elementor-widget elementor-widget-flynext-contact-Info-List-one-widget\" data-id=\"5a2c01b\" data-element_type=\"widget\" data-widget_type=\"flynext-contact-Info-List-one-widget.default\">\n\t\t\t\t<div class=\"elementor-widget-container\">\n\t\t\t\t\t        <div class=\"contact-info-list-wrapper\">\n            <div class=\"single-contact-item\">\n                <div class=\"icon\">\n                    <i aria-hidden=\"true\" class=\"flaticon flaticon-phone\"><\/i>                <\/div>\n                <div class=\"content\">\n                    <h4 class=\"title\">Arap\u00e7a &amp; EN<\/h4>\n                    <span class=\"details\">+90 533 424 27 99<\/span>                <\/div>\n            <\/div>\n        <\/div>\n\n        \t\t\t\t<\/div>\n\t\t\t\t<\/div>\n\t\t\t\t<div class=\"elementor-element elementor-element-ebbe654 elementor-widget elementor-widget-flynext-contact-Info-List-one-widget\" data-id=\"ebbe654\" data-element_type=\"widget\" data-widget_type=\"flynext-contact-Info-List-one-widget.default\">\n\t\t\t\t<div class=\"elementor-widget-container\">\n\t\t\t\t\t        <div class=\"contact-info-list-wrapper\">\n            <div class=\"single-contact-item\">\n                <div class=\"icon\">\n                    <i aria-hidden=\"true\" class=\"flaticon flaticon-phone\"><\/i>                <\/div>\n                <div class=\"content\">\n                    <h4 class=\"title\">Arap\u00e7a &amp; TR<\/h4>\n                    <span class=\"details\">+90 530 308 29 99<\/span>                <\/div>\n            <\/div>\n        <\/div>\n\n        \t\t\t\t<\/div>\n\t\t\t\t<\/div>\n\t\t\t\t<div class=\"elementor-element elementor-element-06ccb56 elementor-widget elementor-widget-flynext-contact-Info-List-one-widget\" data-id=\"06ccb56\" data-element_type=\"widget\" data-widget_type=\"flynext-contact-Info-List-one-widget.default\">\n\t\t\t\t<div class=\"elementor-widget-container\">\n\t\t\t\t\t        <div class=\"contact-info-list-wrapper\">\n            <div class=\"single-contact-item\">\n                <div class=\"icon\">\n                    <i aria-hidden=\"true\" class=\"flaticon flaticon-phone\"><\/i>                <\/div>\n                <div class=\"content\">\n                    <h4 class=\"title\">Baghdat Tel<\/h4>\n                    <span class=\"details\">+9647906225443<\/span>                <\/div>\n            <\/div>\n        <\/div>\n\n        \t\t\t\t<\/div>\n\t\t\t\t<\/div>\n\t\t\t\t<div class=\"elementor-element elementor-element-4997319 elementor-widget elementor-widget-flynext-contact-Info-List-one-widget\" data-id=\"4997319\" data-element_type=\"widget\" data-widget_type=\"flynext-contact-Info-List-one-widget.default\">\n\t\t\t\t<div class=\"elementor-widget-container\">\n\t\t\t\t\t        <div class=\"contact-info-list-wrapper\">\n            <div class=\"single-contact-item\">\n                <div class=\"icon\">\n                    <i aria-hidden=\"true\" class=\"flaticon flaticon-email\"><\/i>                <\/div>\n                <div class=\"content\">\n                    <h4 class=\"title\">E-Posta<\/h4>\n                    <span class=\"details\">info@luks-fly.com.<\/span>                <\/div>\n            <\/div>\n        <\/div>\n\n        \t\t\t\t<\/div>\n\t\t\t\t<\/div>\n\t\t\t\t\t<\/div>\n\t\t\t\t<\/div>\n\t\t\t\t\t<\/div>\n\t\t<\/div>\n\t\t\t\t\t<\/div>\n\t\t<\/div>\n\t\t\t\t\t<\/div>\n\t\t<\/div>\n\t\t\t\t\t<\/div>\n\t\t<\/div>\n\t\t\t\t<div class=\"elementor-section elementor-top-section elementor-element elementor-element-7aa3454 elementor-section-stretched elementor-section-boxed elementor-section-height-default elementor-section-height-default\" data-id=\"7aa3454\" data-element_type=\"section\" data-settings=\"{&quot;stretch_section&quot;:&quot;section-stretched&quot;,&quot;background_background&quot;:&quot;classic&quot;}\">\n\t\t\t\t\t\t<div class=\"elementor-container elementor-column-gap-default\">\n\t\t\t\t\t<div class=\"elementor-column elementor-col-100 elementor-top-column elementor-element elementor-element-110272e\" data-id=\"110272e\" data-element_type=\"column\">\n\t\t\t<div class=\"elementor-widget-wrap elementor-element-populated\">\n\t\t\t\t\t\t<div class=\"elementor-section elementor-inner-section elementor-element elementor-element-bd92a9a elementor-section-boxed elementor-section-height-default elementor-section-height-default\" data-id=\"bd92a9a\" data-element_type=\"section\">\n\t\t\t\t\t\t<div class=\"elementor-container elementor-column-gap-default\">\n\t\t\t\t\t<div class=\"elementor-column elementor-col-50 elementor-inner-column elementor-element elementor-element-e2563c9\" data-id=\"e2563c9\" data-element_type=\"column\">\n\t\t\t<div class=\"elementor-widget-wrap elementor-element-populated\">\n\t\t\t\t\t\t<div class=\"elementor-element elementor-element-b1f59dd elementor-widget elementor-widget-heading\" data-id=\"b1f59dd\" data-element_type=\"widget\" data-widget_type=\"heading.default\">\n\t\t\t\t<div class=\"elementor-widget-container\">\n\t\t\t\t\t<span class=\"elementor-heading-title elementor-size-default\">Bizimle konu\u015fun<\/span>\t\t\t\t<\/div>\n\t\t\t\t<\/div>\n\t\t\t\t<div class=\"elementor-element elementor-element-1cd3c29 elementor-widget-tablet__width-auto elementor-widget elementor-widget-heading\" data-id=\"1cd3c29\" data-element_type=\"widget\" data-widget_type=\"heading.default\">\n\t\t\t\t<div class=\"elementor-widget-container\">\n\t\t\t\t\t<h3 class=\"elementor-heading-title elementor-size-default\">Herhangi bir sorunuz var m\u0131?<\/h3>\t\t\t\t<\/div>\n\t\t\t\t<\/div>\n\t\t\t\t<div class=\"elementor-element elementor-element-3332693 elementor-widget-tablet__width-auto elementor-widget elementor-widget-heading\" data-id=\"3332693\" data-element_type=\"widget\" data-widget_type=\"heading.default\">\n\t\t\t\t<div class=\"elementor-widget-container\">\n\t\t\t\t\t<h3 class=\"elementor-heading-title elementor-size-default\">Bizimle \u0130leti\u015fime Ge\u00e7mekten \u00c7ekinmeyin<\/h3>\t\t\t\t<\/div>\n\t\t\t\t<\/div>\n\t\t\t\t<div class=\"elementor-element elementor-element-a99a116 elementor-widget elementor-widget-heading\" data-id=\"a99a116\" data-element_type=\"widget\" data-widget_type=\"heading.default\">\n\t\t\t\t<div class=\"elementor-widget-container\">\n\t\t\t\t\t<p class=\"elementor-heading-title elementor-size-default\">Yolculu\u011funuzu sorunsuz hale getirmek i\u00e7in buraday\u0131z. Yard\u0131m, soru veya geri bildirim i\u00e7in istedi\u011finiz zaman bize ula\u015f\u0131n.<\/p>\t\t\t\t<\/div>\n\t\t\t\t<\/div>\n\t\t\t\t<div class=\"elementor-element elementor-element-603375c elementor-shape-circle e-grid-align-left elementor-grid-0 elementor-widget elementor-widget-social-icons\" data-id=\"603375c\" data-element_type=\"widget\" data-widget_type=\"social-icons.default\">\n\t\t\t\t<div class=\"elementor-widget-container\">\n\t\t\t\t\t\t\t<div class=\"elementor-social-icons-wrapper elementor-grid\">\n\t\t\t\t\t\t\t<span class=\"elementor-grid-item\">\n\t\t\t\t\t<a class=\"elementor-icon elementor-social-icon elementor-social-icon-facebook-f elementor-repeater-item-5751355\" href=\"https:\/\/www.facebook.com\/luksaviation\" target=\"_blank\">\n\t\t\t\t\t\t<span class=\"elementor-screen-only\">Facebook-f<\/span>\n\t\t\t\t\t\t<svg class=\"e-font-icon-svg e-fab-facebook-f\" viewBox=\"0 0 320 512\" xmlns=\"http:\/\/www.w3.org\/2000\/svg\"><path d=\"M279.14 288l14.22-92.66h-88.91v-60.13c0-25.35 12.42-50.06 52.24-50.06h40.42V6.26S260.43 0 225.36 0c-73.22 0-121.08 44.38-121.08 124.72v70.62H22.89V288h81.39v224h100.17V288z\"><\/path><\/svg>\t\t\t\t\t<\/a>\n\t\t\t\t<\/span>\n\t\t\t\t\t\t\t<span class=\"elementor-grid-item\">\n\t\t\t\t\t<a class=\"elementor-icon elementor-social-icon elementor-social-icon-instagram elementor-repeater-item-a58e428\" href=\"https:\/\/www.instagram.com\/luks.aviation\/\" target=\"_blank\">\n\t\t\t\t\t\t<span class=\"elementor-screen-only\">Instagram<\/span>\n\t\t\t\t\t\t<svg class=\"e-font-icon-svg e-fab-instagram\" viewBox=\"0 0 448 512\" xmlns=\"http:\/\/www.w3.org\/2000\/svg\"><path d=\"M224.1 141c-63.6 0-114.9 51.3-114.9 114.9s51.3 114.9 114.9 114.9S339 319.5 339 255.9 287.7 141 224.1 141zm0 189.6c-41.1 0-74.7-33.5-74.7-74.7s33.5-74.7 74.7-74.7 74.7 33.5 74.7 74.7-33.6 74.7-74.7 74.7zm146.4-194.3c0 14.9-12 26.8-26.8 26.8-14.9 0-26.8-12-26.8-26.8s12-26.8 26.8-26.8 26.8 12 26.8 26.8zm76.1 27.2c-1.7-35.9-9.9-67.7-36.2-93.9-26.2-26.2-58-34.4-93.9-36.2-37-2.1-147.9-2.1-184.9 0-35.8 1.7-67.6 9.9-93.9 36.1s-34.4 58-36.2 93.9c-2.1 37-2.1 147.9 0 184.9 1.7 35.9 9.9 67.7 36.2 93.9s58 34.4 93.9 36.2c37 2.1 147.9 2.1 184.9 0 35.9-1.7 67.7-9.9 93.9-36.2 26.2-26.2 34.4-58 36.2-93.9 2.1-37 2.1-147.8 0-184.8zM398.8 388c-7.8 19.6-22.9 34.7-42.6 42.6-29.5 11.7-99.5 9-132.1 9s-102.7 2.6-132.1-9c-19.6-7.8-34.7-22.9-42.6-42.6-11.7-29.5-9-99.5-9-132.1s-2.6-102.7 9-132.1c7.8-19.6 22.9-34.7 42.6-42.6 29.5-11.7 99.5-9 132.1-9s102.7-2.6 132.1 9c19.6 7.8 34.7 22.9 42.6 42.6 11.7 29.5 9 99.5 9 132.1s2.7 102.7-9 132.1z\"><\/path><\/svg>\t\t\t\t\t<\/a>\n\t\t\t\t<\/span>\n\t\t\t\t\t<\/div>\n\t\t\t\t\t\t<\/div>\n\t\t\t\t<\/div>\n\t\t\t\t\t<\/div>\n\t\t<\/div>\n\t\t\t\t<div class=\"elementor-column elementor-col-50 elementor-inner-column elementor-element elementor-element-309525f\" data-id=\"309525f\" data-element_type=\"column\">\n\t\t\t<div class=\"elementor-widget-wrap elementor-element-populated\">\n\t\t\t\t\t\t<div class=\"elementor-element elementor-element-15cb8a8 elementor-widget elementor-widget-shortcode\" data-id=\"15cb8a8\" data-element_type=\"widget\" data-widget_type=\"shortcode.default\">\n\t\t\t\t<div class=\"elementor-widget-container\">\n\t\t\t\t\t\t\t<div class=\"elementor-shortcode\">\n<div class=\"wpcf7 no-js\" id=\"wpcf7-f1243-o1\" lang=\"en-US\" dir=\"ltr\" data-wpcf7-id=\"1243\">\n<div class=\"screen-reader-response\"><p role=\"status\" aria-live=\"polite\" aria-atomic=\"true\"><\/p> <ul><\/ul><\/div>\n<form action=\"\/tr\/wp-json\/wp\/v2\/pages\/5012#wpcf7-f1243-o1\" method=\"post\" class=\"wpcf7-form init\" aria-label=\"Contact form\" novalidate=\"novalidate\" data-status=\"init\">\n<div style=\"display: none;\">\n<input type=\"hidden\" name=\"_wpcf7\" value=\"1243\" \/>\n<input type=\"hidden\" name=\"_wpcf7_version\" value=\"6.0.3\" \/>\n<input type=\"hidden\" name=\"_wpcf7_locale\" value=\"en_US\" \/>\n<input type=\"hidden\" name=\"_wpcf7_unit_tag\" value=\"wpcf7-f1243-o1\" \/>\n<input type=\"hidden\" name=\"_wpcf7_container_post\" value=\"0\" \/>\n<input type=\"hidden\" name=\"_wpcf7_posted_data_hash\" value=\"\" \/>\n<\/div>\n<div class=\"contact-form-area\">\n                                <div class=\"row justify-content-center mb-20-none\">\n                                    <div class=\"col-xl-6 col-lg-6 form-group\">\n                                        <label class=\"icon\"><i class=\"flaticon-user-2\"><\/i><\/label>\n                                        <span class=\"wpcf7-form-control-wrap\" data-name=\"text-685\"><input size=\"40\" maxlength=\"400\" class=\"wpcf7-form-control wpcf7-text wpcf7-validates-as-required form--control\" aria-required=\"true\" aria-invalid=\"false\" placeholder=\"Name*\" value=\"\" type=\"text\" name=\"text-685\" \/><\/span> \n                                    <\/div>\n                                    <div class=\"col-xl-6 col-lg-6 form-group\">\n                                        <label class=\"icon\"><i class=\"flaticon-email\"><\/i><\/label>\n                                        <span class=\"wpcf7-form-control-wrap\" data-name=\"email-413\"><input size=\"40\" maxlength=\"400\" class=\"wpcf7-form-control wpcf7-email wpcf7-validates-as-required wpcf7-text wpcf7-validates-as-email form--control\" aria-required=\"true\" aria-invalid=\"false\" placeholder=\"Email\" value=\"\" type=\"email\" name=\"email-413\" \/><\/span>\n                                    <\/div>\n                                    <div class=\"col-xl-6 col-lg-6 form-group\">\n                                        <label class=\"icon\"><i class=\"flaticon-phone\"><\/i><\/label>\n                                        <span class=\"wpcf7-form-control-wrap\" data-name=\"tel-214\"><input size=\"40\" maxlength=\"400\" class=\"wpcf7-form-control wpcf7-tel wpcf7-validates-as-required wpcf7-text wpcf7-validates-as-tel form--control\" aria-required=\"true\" aria-invalid=\"false\" placeholder=\"Phone*\" value=\"\" type=\"tel\" name=\"tel-214\" \/><\/span>\n                                    <\/div>\n                                    <div class=\"col-xl-6 col-lg-6 form-group\">\n                                        <span class=\"wpcf7-form-control-wrap\" data-name=\"menu-892\"><select class=\"wpcf7-form-control wpcf7-select wpcf7-validates-as-required form--control\" aria-required=\"true\" aria-invalid=\"false\" name=\"menu-892\"><option value=\"Subject One\">Subject One<\/option><option value=\"Subject Two\">Subject Two<\/option><option value=\"Subject Three\">Subject Three<\/option><\/select><\/span>\n                                    <\/div>\n                                    <div class=\"col-lg-12 form-group\">\n                                        <label class=\"icon\"><i class=\"flaticon-pencil\"><\/i><\/label>\n                                       <span class=\"wpcf7-form-control-wrap\" data-name=\"textarea-959\"><textarea cols=\"40\" rows=\"10\" maxlength=\"2000\" class=\"wpcf7-form-control wpcf7-textarea wpcf7-validates-as-required form--control\" aria-required=\"true\" aria-invalid=\"false\" placeholder=\"Message*\" name=\"textarea-959\"><\/textarea><\/span>\n                                    <\/div>\n                                    <div class=\"col-lg-12 form-group\">\n                                      <button type=\"submit\" class=\"wpcf7-submit btn--base\">Send Message<i class=\"flaticon-black-plane ml-2\"><\/i><\/button>\n                                    <\/div>\n                                <\/div>\n                            <\/div><div class=\"wpcf7-response-output\" aria-hidden=\"true\"><\/div>\n<\/form>\n<\/div>\n<\/div>\n\t\t\t\t\t\t<\/div>\n\t\t\t\t<\/div>\n\t\t\t\t\t<\/div>\n\t\t<\/div>\n\t\t\t\t\t<\/div>\n\t\t<\/div>\n\t\t\t\t\t<\/div>\n\t\t<\/div>\n\t\t\t\t\t<\/div>\n\t\t<\/div>\n\t\t\t\t<\/div>\n\t\t","protected":false},"excerpt":{"rendered":"<p>Bize Ula\u015f\u0131n Bizimle Nas\u0131l \u0130leti\u015fime Ge\u00e7ebilirsiniz? Telefon, mail yoluyla veya ofisimizi ziyaret ederek istedi\u011finiz zaman bize ula\u015fabilirsiniz. Konumumuz Mahmutbey Mah. ta\u015foca\u011f\u0131 yolu Cad. Polat Tower No:1 &#8211; 215 , Ba\u011fc\u0131lar. IstanbulBa\u011fdat Uluslararas\u0131 Havaalan\u0131San Marino Arap\u00e7a &amp; EN +90 533 424 27 99 Arap\u00e7a &amp; TR +90 530 308 29 99 Baghdat Tel +9647906225443 E-Posta info@luks-fly.com.<\/p>\n","protected":false},"author":1,"featured_media":0,"parent":0,"menu_order":0,"comment_status":"closed","ping_status":"closed","template":"","meta":{"_blockly_fonts_attr":"","footnotes":""},"class_list":["post-5012","page","type-page","status-publish","hentry"],"_links":{"self":[{"href":"https:\/\/luks-aviation.com\/tr\/wp-json\/wp\/v2\/pages\/5012","targetHints":{"allow":["GET"]}}],"collection":[{"href":"https:\/\/luks-aviation.com\/tr\/wp-json\/wp\/v2\/pages"}],"about":[{"href":"https:\/\/luks-aviation.com\/tr\/wp-json\/wp\/v2\/types\/page"}],"author":[{"embeddable":true,"href":"https:\/\/luks-aviation.com\/tr\/wp-json\/wp\/v2\/users\/1"}],"replies":[{"embeddable":true,"href":"https:\/\/luks-aviation.com\/tr\/wp-json\/wp\/v2\/comments?post=5012"}],"version-history":[{"count":60,"href":"https:\/\/luks-aviation.com\/tr\/wp-json\/wp\/v2\/pages\/5012\/revisions"}],"predecessor-version":[{"id":5488,"href":"https:\/\/luks-aviation.com\/tr\/wp-json\/wp\/v2\/pages\/5012\/revisions\/5488"}],"wp:attachment":[{"href":"https:\/\/luks-aviation.com\/tr\/wp-json\/wp\/v2\/media?parent=5012"}],"curies":[{"name":"wp","href":"https:\/\/api.w.org\/{rel}","templated":true}]}}