{"id":5326,"date":"2025-01-03T12:12:10","date_gmt":"2025-01-03T12:12:10","guid":{"rendered":"https:\/\/luks-aviation.com\/tr\/?page_id=5326"},"modified":"2025-01-19T15:06:07","modified_gmt":"2025-01-19T15:06:07","slug":"career","status":"publish","type":"page","link":"https:\/\/luks-aviation.com\/tr\/career\/","title":{"rendered":"Careers"},"content":{"rendered":"\t\t<div data-elementor-type=\"wp-page\" data-elementor-id=\"5326\" class=\"elementor elementor-5326\">\n\t\t\t\t<div class=\"elementor-element elementor-element-aae754c e-flex e-con-boxed e-con e-parent\" data-id=\"aae754c\" data-element_type=\"container\">\n\t\t\t\t\t<div class=\"e-con-inner\">\n\t\t\t\t<div class=\"elementor-element elementor-element-3691faf elementor-widget elementor-widget-text-editor\" data-id=\"3691faf\" data-element_type=\"widget\" data-widget_type=\"text-editor.default\">\n\t\t\t\t<div class=\"elementor-widget-container\">\n\t\t\t\t\t\t\t\t\t<h2 style=\"text-align: center;\">Bize kat\u0131l\u0131n<\/h2><p style=\"text-align: center;\">Luks Aviation&#8217;da, \u00f6zel havac\u0131l\u0131k deneyimini yeniden tan\u0131mlama konusunda tutkuluyuz. Ola\u011fan\u00fcst\u00fc u\u00e7u\u015f hizmetleri sunmaktan d\u00fcnya standartlar\u0131nda u\u00e7ak y\u00f6netimi sunmaya kadar, m\u00fckemmellik, g\u00fcvenlik ve inovasyona olan ba\u011fl\u0131l\u0131\u011f\u0131m\u0131zla hareket ediyoruz.<\/p><h3 style=\"text-align: center;\">Neden Bizimle \u00c7al\u0131\u015fmal\u0131s\u0131n\u0131z?<\/h3><p style=\"text-align: center;\">\u00d6zel havac\u0131l\u0131k sekt\u00f6r\u00fcnde b\u00fcy\u00fcyen bir lider olarak Luks Aviation, profesyonelli\u011fe, yarat\u0131c\u0131l\u0131\u011fa ve ekip \u00e7al\u0131\u015fmas\u0131na de\u011fer veren bireyler i\u00e7in dinamik ve \u00f6d\u00fcllendirici bir ortam sunar. \u0130ster deneyimli bir havac\u0131l\u0131k uzman\u0131 olun, ister kariyerinize yeni ba\u015fl\u0131yor olun, h\u0131zl\u0131 tempolu, k\u00fcresel bir sekt\u00f6rde b\u00fcy\u00fcmeniz, etki yaratman\u0131z ve ba\u015far\u0131l\u0131 olman\u0131z i\u00e7in f\u0131rsatlar sunuyoruz.<\/p><p><strong>Sunduklar\u0131m\u0131z:<\/strong><\/p><ul><li>Rekabet\u00e7i tazminat paketleri.<\/li><li>Profesyonel geli\u015fim ve e\u011fitim programlar\u0131.<\/li><li>\u0130stanbul, Ba\u011fdat ve San Marino&#8217;daki merkezleriyle dinamik bir uluslararas\u0131 ortamda \u00e7al\u0131\u015fma f\u0131rsatlar\u0131.<\/li><li>Yenilik\u00e7ilik, i\u015f birli\u011fi ve m\u00fckemmellik k\u00fclt\u00fcr\u00fc.<\/li><\/ul><h3>Kariyer F\u0131rsatlar\u0131<\/h3><p>Ekibimize \u00e7e\u015fitli rollerde kat\u0131lacak yetenekli bireyleri her zaman ar\u0131yoruz, bunlar aras\u0131nda \u015funlar yer al\u0131r:<\/p><ul><li><strong>Pilotlar:<\/strong> En y\u00fcksek standartlarda ola\u011fan\u00fcst\u00fc hizmet ve g\u00fcvenlik sunmak.<\/li><li><strong>Kabin Ekibi:<\/strong> Yolcular\u0131m\u0131za l\u00fcks u\u00e7u\u015f deneyimleri sunmak yolcular.<\/li><li><strong>Operasyonlar ve Lojistik:<\/strong> Sorunsuz u\u00e7u\u015f operasyonlar\u0131 ve verimli planlama sa\u011flamak.<\/li><li><strong>U\u00e7ak Bak\u0131m Teknisyenleri:<\/strong> Filomuzu en y\u00fcksek g\u00fcvenilirlik ve performans standartlar\u0131nda tutmak.<\/li><li><strong>M\u00fc\u015fteri Hizmetleri Temsilcileri:<\/strong> Ki\u015fiselle\u015ftirilmi\u015f seyahat deneyimleri olu\u015fturmak ve g\u00fc\u00e7l\u00fc m\u00fc\u015fteri ili\u015fkileri kurmak.<\/li><li><strong>Kurumsal Roller:<\/strong> K\u00fcresel operasyonlar\u0131m\u0131z\u0131 desteklemek i\u00e7in pazarlama, finans, \u0130K ve y\u00f6netimde f\u0131rsatlar.<\/li><\/ul><h3>De\u011ferlerimiz<\/h3><p>Luks Aviation&#8217;da \u015funlar\u0131 taahh\u00fct ediyoruz:<\/p><ul><li><strong>G\u00fcvenlik:<\/strong> M\u00fc\u015fterilerimiz ve \u00e7al\u0131\u015fanlar\u0131m\u0131z i\u00e7in en y\u00fcksek g\u00fcvenlik seviyelerini korumak.<\/li><li><strong>M\u00fckemmellik:<\/strong> Yapt\u0131\u011f\u0131m\u0131z her \u015feyde ola\u011fan\u00fcst\u00fc kalite sunmak.<\/li><li><strong>Tak\u0131m \u00c7al\u0131\u015fmas\u0131:<\/strong> \u00c7e\u015fitli \u00e7al\u0131\u015fanlar\u0131m\u0131z aras\u0131nda i\u015f birli\u011fini ve sayg\u0131y\u0131 te\u015fvik etmek tak\u0131m.<\/li><li><strong>Yenilik:<\/strong> Hizmetlerimizi geli\u015ftirmek i\u00e7in son teknoloji \u00e7\u00f6z\u00fcmleri benimsemek.<\/li><\/ul><h3>Nas\u0131l Ba\u015fvurulur<\/h3><p>Kariyerinizi yeni zirvelere ta\u015f\u0131maya haz\u0131r m\u0131s\u0131n\u0131z? Mevcut i\u015f ilanlar\u0131m\u0131z\u0131 inceleyin ve hemen ba\u015fvurun.<\/p>\t\t\t\t\t\t\t\t<\/div>\n\t\t\t\t<\/div>\n\t\t\t\t\t<\/div>\n\t\t\t\t<\/div>\n\t\t<div class=\"elementor-element elementor-element-59fe15f e-flex e-con-boxed e-con e-parent\" data-id=\"59fe15f\" data-element_type=\"container\">\n\t\t\t\t\t<div class=\"e-con-inner\">\n\t\t<div class=\"elementor-element elementor-element-706fce3 e-con-full e-flex e-con e-child\" data-id=\"706fce3\" data-element_type=\"container\">\n\t\t\t\t<div class=\"elementor-element elementor-element-37c8dc1 elementor-align-center elementor-widget elementor-widget-button\" data-id=\"37c8dc1\" data-element_type=\"widget\" data-widget_type=\"button.default\">\n\t\t\t\t<div class=\"elementor-widget-container\">\n\t\t\t\t\t\t\t\t\t<div class=\"elementor-button-wrapper\">\n\t\t\t\t\t<a class=\"elementor-button elementor-button-link elementor-size-sm\" href=\"https:\/\/luks-aviation.com\/tr\/wp-content\/uploads\/2025\/01\/Pilot-Application-Form-1.pdf\">\n\t\t\t\t\t\t<span class=\"elementor-button-content-wrapper\">\n\t\t\t\t\t\t\t\t\t<span class=\"elementor-button-text\">Pilot Ba\u015fvuru Formu<\/span>\n\t\t\t\t\t<\/span>\n\t\t\t\t\t<\/a>\n\t\t\t\t<\/div>\n\t\t\t\t\t\t\t\t<\/div>\n\t\t\t\t<\/div>\n\t\t\t\t<\/div>\n\t\t<div class=\"elementor-element elementor-element-8cd71d4 e-con-full e-flex e-con e-child\" data-id=\"8cd71d4\" data-element_type=\"container\">\n\t\t\t\t<div class=\"elementor-element elementor-element-8e51e50 elementor-align-center elementor-widget elementor-widget-button\" data-id=\"8e51e50\" data-element_type=\"widget\" data-widget_type=\"button.default\">\n\t\t\t\t<div class=\"elementor-widget-container\">\n\t\t\t\t\t\t\t\t\t<div class=\"elementor-button-wrapper\">\n\t\t\t\t\t<a class=\"elementor-button elementor-button-link elementor-size-sm\" href=\"https:\/\/luks-aviation.com\/tr\/wp-content\/uploads\/2025\/01\/Cabin-Crew-Application-Form-1.pdf\">\n\t\t\t\t\t\t<span class=\"elementor-button-content-wrapper\">\n\t\t\t\t\t\t\t\t\t<span class=\"elementor-button-text\">Kabin Memuru Ba\u015fvuru Formu<\/span>\n\t\t\t\t\t<\/span>\n\t\t\t\t\t<\/a>\n\t\t\t\t<\/div>\n\t\t\t\t\t\t\t\t<\/div>\n\t\t\t\t<\/div>\n\t\t\t\t<\/div>\n\t\t\t\t\t<\/div>\n\t\t\t\t<\/div>\n\t\t<div class=\"elementor-element elementor-element-194bae2 e-flex e-con-boxed e-con e-parent\" data-id=\"194bae2\" data-element_type=\"container\">\n\t\t\t\t\t<div class=\"e-con-inner\">\n\t\t\t\t<div class=\"elementor-element elementor-element-dfa0b97 elementor-widget elementor-widget-spacer\" data-id=\"dfa0b97\" data-element_type=\"widget\" data-widget_type=\"spacer.default\">\n\t\t\t\t<div class=\"elementor-widget-container\">\n\t\t\t\t\t\t\t<div class=\"elementor-spacer\">\n\t\t\t<div class=\"elementor-spacer-inner\"><\/div>\n\t\t<\/div>\n\t\t\t\t\t\t<\/div>\n\t\t\t\t<\/div>\n\t\t\t\t\t<\/div>\n\t\t\t\t<\/div>\n\t\t\t\t<\/div>\n\t\t","protected":false},"excerpt":{"rendered":"<p>Bize kat\u0131l\u0131n Luks Aviation&#8217;da, \u00f6zel havac\u0131l\u0131k deneyimini yeniden tan\u0131mlama konusunda tutkuluyuz. Ola\u011fan\u00fcst\u00fc u\u00e7u\u015f hizmetleri sunmaktan d\u00fcnya standartlar\u0131nda u\u00e7ak y\u00f6netimi sunmaya kadar, m\u00fckemmellik, g\u00fcvenlik ve inovasyona olan ba\u011fl\u0131l\u0131\u011f\u0131m\u0131zla hareket ediyoruz. Neden Bizimle \u00c7al\u0131\u015fmal\u0131s\u0131n\u0131z? \u00d6zel havac\u0131l\u0131k sekt\u00f6r\u00fcnde b\u00fcy\u00fcyen bir lider olarak Luks Aviation, profesyonelli\u011fe, yarat\u0131c\u0131l\u0131\u011fa ve ekip \u00e7al\u0131\u015fmas\u0131na de\u011fer veren bireyler i\u00e7in dinamik ve \u00f6d\u00fcllendirici bir ortam<\/p>\n","protected":false},"author":1,"featured_media":0,"parent":0,"menu_order":0,"comment_status":"closed","ping_status":"closed","template":"","meta":{"_blockly_fonts_attr":"","footnotes":""},"class_list":["post-5326","page","type-page","status-publish","hentry"],"_links":{"self":[{"href":"https:\/\/luks-aviation.com\/tr\/wp-json\/wp\/v2\/pages\/5326","targetHints":{"allow":["GET"]}}],"collection":[{"href":"https:\/\/luks-aviation.com\/tr\/wp-json\/wp\/v2\/pages"}],"about":[{"href":"https:\/\/luks-aviation.com\/tr\/wp-json\/wp\/v2\/types\/page"}],"author":[{"embeddable":true,"href":"https:\/\/luks-aviation.com\/tr\/wp-json\/wp\/v2\/users\/1"}],"replies":[{"embeddable":true,"href":"https:\/\/luks-aviation.com\/tr\/wp-json\/wp\/v2\/comments?post=5326"}],"version-history":[{"count":16,"href":"https:\/\/luks-aviation.com\/tr\/wp-json\/wp\/v2\/pages\/5326\/revisions"}],"predecessor-version":[{"id":5422,"href":"https:\/\/luks-aviation.com\/tr\/wp-json\/wp\/v2\/pages\/5326\/revisions\/5422"}],"wp:attachment":[{"href":"https:\/\/luks-aviation.com\/tr\/wp-json\/wp\/v2\/media?parent=5326"}],"curies":[{"name":"wp","href":"https:\/\/api.w.org\/{rel}","templated":true}]}}